{"id":13,"date":"2022-04-18T10:46:17","date_gmt":"2022-04-18T08:46:17","guid":{"rendered":"http:\/\/patrimoinesablons.com\/?page_id=13"},"modified":"2022-06-06T16:05:08","modified_gmt":"2022-06-06T14:05:08","slug":"a-propos-de","status":"publish","type":"page","link":"https:\/\/patrimoinesablons.com\/index.php\/a-propos-de\/","title":{"rendered":"Association protection et sauvegarde des Sablons"},"content":{"rendered":"\n<p>Cr\u00e9\u00e9e en 1996, notre association consid\u00e8re que <strong>notre territoire a de nombreux atouts <\/strong>et qu\u2019il<strong>m\u00e9rite d\u2019\u00eatre prot\u00e9g\u00e9<\/strong> <strong>et valoris\u00e9<\/strong>. Elle conduit des actions diversifi\u00e9es autour de la protection du <strong>patrimoine<\/strong> architectural, arch\u00e9ologique, environnemental, naturel, culturel et immat\u00e9riel. Elle favorise par tous les moyens la prise en compte des principes et orientations de la <strong>transition \u00e9cologique<\/strong> vers le d\u00e9veloppement durable. Elle exerce son droit d\u2019acc\u00e8s aux informations relatives \u00e0 l\u2019environnement et son droit \u00e0 la concertation dans les op\u00e9rations d\u2019am\u00e9nagement.&nbsp; En liaison avec le Regroupement des Organismes de Sauvegarde de l\u2019Oise (ROSO), elle conduit un travail de <strong>veille citoyenne<\/strong> et d\u00e9veloppe des <strong>partenariats avec les pouvoirs publics<\/strong><strong>,<\/strong> en particulier avec la communaut\u00e9 de communes des Sablons dans le cadre de la mise en \u0153uvre du Plan Climat- Air- Energie Territorial. Force de proposition, elle propose des actions de <strong>sensibilisation, d\u2019information et d\u2019\u00e9ducation<\/strong> aupr\u00e8s de tous les acteurs, comme la fresque du climat. De plus, elle travaille en <strong>r\u00e9seau<\/strong> avec les associations ROSO, des Amis du Vexin Fran\u00e7ais et Sauvegarde de la Vall\u00e9e du Sausseron.&nbsp;<\/p>\n\n\n\n<p><strong><em>Rejoignez notre association si&nbsp;:&nbsp;<\/em><\/strong><\/p>\n\n\n\n<ul class=\"wp-block-list\"><li><strong><em>Vous souhaitez d\u00e9fendre le cadre de vie, l\u2019environnement et agir dans l\u2019int\u00e9r\u00eat des g\u00e9n\u00e9rations futures.&nbsp;<\/em><\/strong><\/li><li><strong><em>Vous souhaitez que le patrimoine local soit prot\u00e9g\u00e9, restaur\u00e9 et valoris\u00e9.<\/em><\/strong><\/li><\/ul>\n\n\n\n<div class=\"wp-block-columns is-layout-flex wp-container-core-columns-is-layout-9d6595d7 wp-block-columns-is-layout-flex\">\n<div class=\"wp-block-column is-layout-flow wp-block-column-is-layout-flow\">\n<h2 class=\"wp-block-heading\">Nos partenaires<\/h2>\n\n\n\n<p>ROSO: Regroupement des organismes de  sauvegarde de l&rsquo;Oise: <a href=\"https:\/\/asso-roso.org\">https:\/\/asso-roso.org<\/a><\/p>\n\n\n\n<p>Les Amis du Vexin Fran\u00e7ais: <a href=\"https:\/\/amisduvexinfrancais.fr\">https:\/\/amisduvexinfrancais.fr<\/a><\/p>\n\n\n\n<p>Association Sauvegarde Vexin Sausseron: <a href=\"https:\/\/www.sauvegardevexinsausseron.fr\">https:\/\/www.sauvegardevexinsausseron.fr<\/a><\/p>\n\n\n\n<p>Conservatoire d&rsquo;espaces Naturels Hauts de France: <a href=\"https:\/\/cen-hautsdefrance.org\">https:\/\/cen-hautsdefrance.org<\/a><\/p>\n\n\n\n<p>Terre de liens Hauts de France: <a href=\"https:\/\/terredeliens.org\/hauts-de-france.html\">https:\/\/terredeliens.org\/hauts-de-france.html<\/a><\/p>\n\n\n\n<p>Communaut\u00e9 de communes des Sablons:<a href=\" http:\/\/cc-sablons.com\"> http:\/\/cc-sablons.com<\/a><\/p>\n\n\n\n<p><\/p>\n<\/div>\n\n\n\n<div class=\"wp-block-column is-layout-flow wp-block-column-is-layout-flow\">\n<h2 class=\"wp-block-heading\">NOS ACTIONS en cours<\/h2>\n\n\n\n<p>Participation au plan Climat\/Air\/Energie territorial de la CCS: <a href=\"http:\/\/cc-sablons.com\/index.php?option=com_content&amp;view=article&amp;id=371&amp;Itemid=359\">http:\/\/cc-sablons.com\/index.php?option=com_content&amp;view=article&amp;id=371&amp;Itemid=359<\/a><\/p>\n\n\n\n<p>Partenariat avec le conservatoire d&rsquo;espaces Naturels Hauts de France pour la protection du fond de Clery \u00e0 Amblainville: <a href=\"https:\/\/cen-hautsdefrance.org\/le-fond-de-clery\">https:\/\/cen-hautsdefrance.org\/le-fond-de-clery<\/a><\/p>\n\n\n\n<p>Intervention aupr\u00e8s des b\u00e9n\u00e9voles de Terre de liens sur les politiques d&rsquo;am\u00e9nagement du territoire et l&rsquo;objectif d&rsquo;arr\u00eater l&rsquo;artificialisation des terres agricoles. <\/p>\n<\/div>\n<\/div>\n","protected":false},"excerpt":{"rendered":"<p>Cr\u00e9\u00e9e en 1996, notre association consid\u00e8re que notre territoire a de nombreux atouts et qu\u2019ilm\u00e9rite d\u2019\u00eatre prot\u00e9g\u00e9 et valoris\u00e9. Elle conduit des actions diversifi\u00e9es autour de la protection du patrimoine architectural, arch\u00e9ologique, environnemental, naturel, culturel et immat\u00e9riel. Elle favorise par tous les moyens la prise en compte des principes et orientations de la transition \u00e9cologique [&hellip;]<\/p>\n","protected":false},"author":1,"featured_media":0,"parent":0,"menu_order":0,"comment_status":"closed","ping_status":"closed","template":"","meta":{"footnotes":""},"class_list":["post-13","page","type-page","status-publish","hentry"],"_links":{"self":[{"href":"https:\/\/patrimoinesablons.com\/index.php\/wp-json\/wp\/v2\/pages\/13","targetHints":{"allow":["GET"]}}],"collection":[{"href":"https:\/\/patrimoinesablons.com\/index.php\/wp-json\/wp\/v2\/pages"}],"about":[{"href":"https:\/\/patrimoinesablons.com\/index.php\/wp-json\/wp\/v2\/types\/page"}],"author":[{"embeddable":true,"href":"https:\/\/patrimoinesablons.com\/index.php\/wp-json\/wp\/v2\/users\/1"}],"replies":[{"embeddable":true,"href":"https:\/\/patrimoinesablons.com\/index.php\/wp-json\/wp\/v2\/comments?post=13"}],"version-history":[{"count":6,"href":"https:\/\/patrimoinesablons.com\/index.php\/wp-json\/wp\/v2\/pages\/13\/revisions"}],"predecessor-version":[{"id":57,"href":"https:\/\/patrimoinesablons.com\/index.php\/wp-json\/wp\/v2\/pages\/13\/revisions\/57"}],"wp:attachment":[{"href":"https:\/\/patrimoinesablons.com\/index.php\/wp-json\/wp\/v2\/media?parent=13"}],"curies":[{"name":"wp","href":"https:\/\/api.w.org\/{rel}","templated":true}]}}