{"id":12,"date":"2022-04-18T10:46:17","date_gmt":"2022-04-18T08:46:17","guid":{"rendered":"http:\/\/patrimoinesablons.com\/?page_id=12"},"modified":"2022-12-27T18:41:11","modified_gmt":"2022-12-27T17:41:11","slug":"creez-votre-site-avec-des-blocs","status":"publish","type":"page","link":"https:\/\/patrimoinesablons.com\/","title":{"rendered":"Faire conna\u00eetre les atouts de notre territoire"},"content":{"rendered":"\n<p>Notre territoire des Sablons a de nombreux atouts. Il poss\u00e8de en particulier de magnifiques paysages, un patrimoine digne d\u2019int\u00e9r\u00eat et de riches espaces agricoles et naturels. La ville de M\u00e9ru a une tradition artisanale et industrielle qui a marqu\u00e9 son histoire et son architecture. La partie Est du territoire appartient au site inscrit du Vexin fran\u00e7ais.&nbsp;<\/p>\n\n\n\n<p>Constatant une m\u00e9connaissance de la beaut\u00e9 de notre territoire, nous souhaitons mieux le faire conna\u00eetre et mettre en valeur ses potentialit\u00e9s face aux enjeux auxquels nous sommes confront\u00e9s.&nbsp;<\/p>\n\n\n\n<p>L\u2019objectif de ce site est de&nbsp;:<\/p>\n\n\n\n<p>&nbsp;* Mieux diffuser la connaissance sur le territoire dans ses diff\u00e9rentes composantes&nbsp;: historique, patrimonial, \u00e9conomique, environnementale, sociale etc. au travers d\u2019un centre de ressources ouvert \u00e0 tous.&nbsp;<\/p>\n\n\n\n<p>* Mieux conna\u00eetre les acteurs du territoire, ceux qui le font vivre, afin de g\u00e9n\u00e9rer une dynamique collective au service de la r\u00e9silience du territoire.<\/p>\n\n\n\n<p>*Proposer des actions concr\u00e8tes et faire conna\u00eetre les initiatives de transition dans notre territoire.<\/p>\n\n\n\n<div style=\"height:2px\" aria-hidden=\"true\" class=\"wp-block-spacer\"><\/div>\n\n\n\n<div class=\"wp-block-columns alignwide are-vertically-aligned-center is-style-twentytwentyone-columns-overlap is-layout-flex wp-container-core-columns-is-layout-9d6595d7 wp-block-columns-is-layout-flex\">\n<div class=\"wp-block-column is-vertically-aligned-center is-layout-flow wp-block-column-is-layout-flow\">\n<figure class=\"wp-block-image alignfull size-large\"><img loading=\"lazy\" decoding=\"async\" width=\"1024\" height=\"681\" src=\"http:\/\/patrimoinesablons.com\/wp-content\/uploads\/2022\/12\/Chateu-d-Henonville-22-10-2014-DSC02376-1-1024x681.jpg\" alt=\"\" class=\"wp-image-78\" srcset=\"https:\/\/patrimoinesablons.com\/wp-content\/uploads\/2022\/12\/Chateu-d-Henonville-22-10-2014-DSC02376-1-1024x681.jpg 1024w, https:\/\/patrimoinesablons.com\/wp-content\/uploads\/2022\/12\/Chateu-d-Henonville-22-10-2014-DSC02376-1-300x200.jpg 300w, https:\/\/patrimoinesablons.com\/wp-content\/uploads\/2022\/12\/Chateu-d-Henonville-22-10-2014-DSC02376-1-768x511.jpg 768w, https:\/\/patrimoinesablons.com\/wp-content\/uploads\/2022\/12\/Chateu-d-Henonville-22-10-2014-DSC02376-1-1536x1022.jpg 1536w, https:\/\/patrimoinesablons.com\/wp-content\/uploads\/2022\/12\/Chateu-d-Henonville-22-10-2014-DSC02376-1-2048x1363.jpg 2048w, https:\/\/patrimoinesablons.com\/wp-content\/uploads\/2022\/12\/Chateu-d-Henonville-22-10-2014-DSC02376-1-1240x825.jpg 1240w, https:\/\/patrimoinesablons.com\/wp-content\/uploads\/2022\/12\/Chateu-d-Henonville-22-10-2014-DSC02376-1-508x338.jpg 508w\" sizes=\"auto, (max-width: 1024px) 100vw, 1024px\" \/><figcaption class=\"wp-element-caption\">Chateau d&rsquo;Henonville  &#8211;             Photo J. P. Guignet<\/figcaption><\/figure>\n\n\n\n<div style=\"height:100px\" aria-hidden=\"true\" class=\"wp-block-spacer\"><\/div>\n\n\n\n<figure class=\"wp-block-image alignfull size-large is-style-twentytwentyone-image-frame\"><img loading=\"lazy\" decoding=\"async\" width=\"1024\" height=\"681\" src=\"http:\/\/patrimoinesablons.com\/wp-content\/uploads\/2022\/12\/Marcheroux-DSC02395-1024x681.jpg\" alt=\"\" class=\"wp-image-89\" srcset=\"https:\/\/patrimoinesablons.com\/wp-content\/uploads\/2022\/12\/Marcheroux-DSC02395-1024x681.jpg 1024w, https:\/\/patrimoinesablons.com\/wp-content\/uploads\/2022\/12\/Marcheroux-DSC02395-300x200.jpg 300w, https:\/\/patrimoinesablons.com\/wp-content\/uploads\/2022\/12\/Marcheroux-DSC02395-768x511.jpg 768w, https:\/\/patrimoinesablons.com\/wp-content\/uploads\/2022\/12\/Marcheroux-DSC02395-1536x1022.jpg 1536w, https:\/\/patrimoinesablons.com\/wp-content\/uploads\/2022\/12\/Marcheroux-DSC02395-2048x1363.jpg 2048w, https:\/\/patrimoinesablons.com\/wp-content\/uploads\/2022\/12\/Marcheroux-DSC02395-1240x825.jpg 1240w, https:\/\/patrimoinesablons.com\/wp-content\/uploads\/2022\/12\/Marcheroux-DSC02395-508x338.jpg 508w\" sizes=\"auto, (max-width: 1024px) 100vw, 1024px\" \/><figcaption class=\"wp-element-caption\">Marivaux &#8211; Photo J. P. Guignet<\/figcaption><\/figure>\n<\/div>\n\n\n\n<div class=\"wp-block-column is-vertically-aligned-center is-layout-flow wp-block-column-is-layout-flow\">\n<div style=\"height:100px\" aria-hidden=\"true\" class=\"wp-block-spacer\"><\/div>\n\n\n\n<figure class=\"wp-block-image size-large alignfull size-full is-style-twentytwentyone-border\"><img loading=\"lazy\" decoding=\"async\" width=\"687\" height=\"1024\" src=\"http:\/\/patrimoinesablons.com\/wp-content\/uploads\/2022\/12\/Puit-de-Anserville-687x1024.jpg\" alt=\"\" class=\"wp-image-86\" srcset=\"https:\/\/patrimoinesablons.com\/wp-content\/uploads\/2022\/12\/Puit-de-Anserville-687x1024.jpg 687w, https:\/\/patrimoinesablons.com\/wp-content\/uploads\/2022\/12\/Puit-de-Anserville-201x300.jpg 201w, https:\/\/patrimoinesablons.com\/wp-content\/uploads\/2022\/12\/Puit-de-Anserville-768x1144.jpg 768w, https:\/\/patrimoinesablons.com\/wp-content\/uploads\/2022\/12\/Puit-de-Anserville-1031x1536.jpg 1031w, https:\/\/patrimoinesablons.com\/wp-content\/uploads\/2022\/12\/Puit-de-Anserville-1375x2048.jpg 1375w, https:\/\/patrimoinesablons.com\/wp-content\/uploads\/2022\/12\/Puit-de-Anserville-1240x1847.jpg 1240w, https:\/\/patrimoinesablons.com\/wp-content\/uploads\/2022\/12\/Puit-de-Anserville-508x757.jpg 508w, https:\/\/patrimoinesablons.com\/wp-content\/uploads\/2022\/12\/Puit-de-Anserville-scaled.jpg 1718w\" sizes=\"auto, (max-width: 687px) 100vw, 687px\" \/><figcaption class=\"wp-element-caption\">Puit d&rsquo;Anserville   &#8211;  Photo J. P. Guignet<\/figcaption><\/figure>\n<\/div>\n<\/div>\n\n\n\n<p><\/p>\n\n\n\n<figure class=\"wp-block-image size-full\"><img loading=\"lazy\" decoding=\"async\" width=\"2560\" height=\"1704\" src=\"http:\/\/patrimoinesablons.com\/wp-content\/uploads\/2022\/12\/Ivry-le-Temple-vu-de-l-angle-rue-du-chateau-Monts-DSC02387-1-scaled.jpg\" alt=\"\" class=\"wp-image-92\" srcset=\"https:\/\/patrimoinesablons.com\/wp-content\/uploads\/2022\/12\/Ivry-le-Temple-vu-de-l-angle-rue-du-chateau-Monts-DSC02387-1-scaled.jpg 2560w, https:\/\/patrimoinesablons.com\/wp-content\/uploads\/2022\/12\/Ivry-le-Temple-vu-de-l-angle-rue-du-chateau-Monts-DSC02387-1-300x200.jpg 300w, https:\/\/patrimoinesablons.com\/wp-content\/uploads\/2022\/12\/Ivry-le-Temple-vu-de-l-angle-rue-du-chateau-Monts-DSC02387-1-1024x681.jpg 1024w, https:\/\/patrimoinesablons.com\/wp-content\/uploads\/2022\/12\/Ivry-le-Temple-vu-de-l-angle-rue-du-chateau-Monts-DSC02387-1-768x511.jpg 768w, https:\/\/patrimoinesablons.com\/wp-content\/uploads\/2022\/12\/Ivry-le-Temple-vu-de-l-angle-rue-du-chateau-Monts-DSC02387-1-1536x1022.jpg 1536w, https:\/\/patrimoinesablons.com\/wp-content\/uploads\/2022\/12\/Ivry-le-Temple-vu-de-l-angle-rue-du-chateau-Monts-DSC02387-1-2048x1363.jpg 2048w, https:\/\/patrimoinesablons.com\/wp-content\/uploads\/2022\/12\/Ivry-le-Temple-vu-de-l-angle-rue-du-chateau-Monts-DSC02387-1-1240x825.jpg 1240w, https:\/\/patrimoinesablons.com\/wp-content\/uploads\/2022\/12\/Ivry-le-Temple-vu-de-l-angle-rue-du-chateau-Monts-DSC02387-1-508x338.jpg 508w\" sizes=\"auto, (max-width: 2560px) 100vw, 2560px\" \/><figcaption class=\"wp-element-caption\">Ivry Le Temple &#8211; Photo J. P. Guignet<\/figcaption><\/figure>\n\n\n\n<div style=\"height:100px\" aria-hidden=\"true\" class=\"wp-block-spacer\"><\/div>\n","protected":false},"excerpt":{"rendered":"<p>Notre territoire des Sablons a de nombreux atouts. Il poss\u00e8de en particulier de magnifiques paysages, un patrimoine digne d\u2019int\u00e9r\u00eat et de riches espaces agricoles et naturels. La ville de M\u00e9ru a une tradition artisanale et industrielle qui a marqu\u00e9 son histoire et son architecture. La partie Est du territoire appartient au site inscrit du Vexin [&hellip;]<\/p>\n","protected":false},"author":1,"featured_media":0,"parent":0,"menu_order":0,"comment_status":"closed","ping_status":"closed","template":"","meta":{"footnotes":""},"class_list":["post-12","page","type-page","status-publish","hentry"],"_links":{"self":[{"href":"https:\/\/patrimoinesablons.com\/index.php\/wp-json\/wp\/v2\/pages\/12","targetHints":{"allow":["GET"]}}],"collection":[{"href":"https:\/\/patrimoinesablons.com\/index.php\/wp-json\/wp\/v2\/pages"}],"about":[{"href":"https:\/\/patrimoinesablons.com\/index.php\/wp-json\/wp\/v2\/types\/page"}],"author":[{"embeddable":true,"href":"https:\/\/patrimoinesablons.com\/index.php\/wp-json\/wp\/v2\/users\/1"}],"replies":[{"embeddable":true,"href":"https:\/\/patrimoinesablons.com\/index.php\/wp-json\/wp\/v2\/comments?post=12"}],"version-history":[{"count":10,"href":"https:\/\/patrimoinesablons.com\/index.php\/wp-json\/wp\/v2\/pages\/12\/revisions"}],"predecessor-version":[{"id":106,"href":"https:\/\/patrimoinesablons.com\/index.php\/wp-json\/wp\/v2\/pages\/12\/revisions\/106"}],"wp:attachment":[{"href":"https:\/\/patrimoinesablons.com\/index.php\/wp-json\/wp\/v2\/media?parent=12"}],"curies":[{"name":"wp","href":"https:\/\/api.w.org\/{rel}","templated":true}]}}